{"id":2,"date":"2008-12-12T01:18:14","date_gmt":"2008-12-12T00:18:14","guid":{"rendered":"http:\/\/www.conzendorf.com\/wp_elisabeth\/?page_id=2"},"modified":"2009-04-03T07:52:15","modified_gmt":"2009-04-03T06:52:15","slug":"impressum","status":"publish","type":"page","link":"http:\/\/www.familie-moerl.de\/?page_id=2","title":{"rendered":"Kontakt"},"content":{"rendered":"<p>Unsere Anschrift lautet (bitte auf Paketen\/Briefen <strong>genau<\/strong> \u00fcbernehmen; nichts mit Familie oder die Namen der Kinder schreiben, denn die Beh\u00f6rden machen schnell ein Problem draus):<\/p>\n<p>Michael M\u00f6rl<br \/>\nApartado 210<br \/>\nAbancay, Apur\u00edmac<br \/>\nPeru<\/p>\n<p>oder per Mail an:<\/p>\n<p><img loading=\"lazy\" decoding=\"async\" class=\"alignnone\" style=\"width: 204px; height: 18px;\" src=\"http:\/\/www.familie-moerl.de\/email.jpg\" alt=\"\" width=\"300\" height=\"26\" \/><\/p>\n<p>Unterst\u00fctzen auch sie uns:                      Volksbank Stuhr<br \/>\nBLZ: 291 676 24<br \/>\nKto: 125 776 00<br \/>\nAn: &#8222;VDM e.V.&#8220;<br \/>\nBetreff: &#8222;Missionars-Nr. 221, Familie M\u00f6rl&#8220;<\/p>\n<p><small>f\u00fcr Spendenbescheinigungen bitte Name und Adresse angeben<br \/>\nAuch kleine Spenden helfen &#8211; danke!<\/small><\/p>\n","protected":false},"excerpt":{"rendered":"<p>Unsere Anschrift lautet (bitte auf Paketen\/Briefen genau \u00fcbernehmen; nichts mit Familie oder die Namen der Kinder schreiben, denn die Beh\u00f6rden machen schnell ein Problem draus): Michael M\u00f6rl Apartado 210 Abancay, Apur\u00edmac Peru oder per Mail an: Unterst\u00fctzen auch sie uns: Volksbank Stuhr BLZ: 291 676 24 Kto: 125 776 00 An: &#8222;VDM e.V.&#8220; Betreff: &#8222;Missionars-Nr. [&hellip;]<\/p>\n","protected":false},"author":1,"featured_media":0,"parent":0,"menu_order":2,"comment_status":"closed","ping_status":"closed","template":"","meta":{"ngg_post_thumbnail":0,"footnotes":"","_links_to":"","_links_to_target":""},"class_list":["post-2","page","type-page","status-publish","hentry"],"_links":{"self":[{"href":"http:\/\/www.familie-moerl.de\/index.php?rest_route=\/wp\/v2\/pages\/2","targetHints":{"allow":["GET"]}}],"collection":[{"href":"http:\/\/www.familie-moerl.de\/index.php?rest_route=\/wp\/v2\/pages"}],"about":[{"href":"http:\/\/www.familie-moerl.de\/index.php?rest_route=\/wp\/v2\/types\/page"}],"author":[{"embeddable":true,"href":"http:\/\/www.familie-moerl.de\/index.php?rest_route=\/wp\/v2\/users\/1"}],"replies":[{"embeddable":true,"href":"http:\/\/www.familie-moerl.de\/index.php?rest_route=%2Fwp%2Fv2%2Fcomments&post=2"}],"version-history":[{"count":7,"href":"http:\/\/www.familie-moerl.de\/index.php?rest_route=\/wp\/v2\/pages\/2\/revisions"}],"predecessor-version":[{"id":341,"href":"http:\/\/www.familie-moerl.de\/index.php?rest_route=\/wp\/v2\/pages\/2\/revisions\/341"}],"wp:attachment":[{"href":"http:\/\/www.familie-moerl.de\/index.php?rest_route=%2Fwp%2Fv2%2Fmedia&parent=2"}],"curies":[{"name":"wp","href":"https:\/\/api.w.org\/{rel}","templated":true}]}}